{"id":469,"date":"2020-08-18T10:57:24","date_gmt":"2020-08-18T08:57:24","guid":{"rendered":"http:\/\/netradicnesporty.site\/?page_id=469"},"modified":"2020-12-13T18:30:17","modified_gmt":"2020-12-13T17:30:17","slug":"florbal","status":"publish","type":"page","link":"https:\/\/netradicnesporty.sk\/?page_id=469","title":{"rendered":"Floorball"},"content":{"rendered":"\t\t<div data-elementor-type=\"wp-page\" data-elementor-id=\"469\" class=\"elementor elementor-469\">\n\t\t\t\t\t\t<section class=\"elementor-section elementor-top-section elementor-element elementor-element-9a5f62e elementor-section-boxed elementor-section-height-default elementor-section-height-default\" data-id=\"9a5f62e\" data-element_type=\"section\" data-e-type=\"section\">\n\t\t\t\t\t\t<div class=\"elementor-container elementor-column-gap-default\">\n\t\t\t\t\t<div class=\"elementor-column elementor-col-100 elementor-top-column elementor-element elementor-element-3f77597\" data-id=\"3f77597\" data-element_type=\"column\" data-e-type=\"column\">\n\t\t\t<div class=\"elementor-widget-wrap elementor-element-populated\">\n\t\t\t\t\t\t<div class=\"elementor-element elementor-element-1c4ddd7 elementor-widget elementor-widget-heading\" data-id=\"1c4ddd7\" data-element_type=\"widget\" data-e-type=\"widget\" data-widget_type=\"heading.default\">\n\t\t\t\t<div class=\"elementor-widget-container\">\n\t\t\t\t\t<h1 class=\"elementor-heading-title elementor-size-xl\"><p class=\"MsoNormal\">FLOORBALL<\/p><\/h1>\t\t\t\t<\/div>\n\t\t\t\t<\/div>\n\t\t\t\t\t<\/div>\n\t\t<\/div>\n\t\t\t\t\t<\/div>\n\t\t<\/section>\n\t\t\t\t<section class=\"elementor-section elementor-top-section elementor-element elementor-element-0e01746 elementor-section-boxed elementor-section-height-default elementor-section-height-default\" data-id=\"0e01746\" data-element_type=\"section\" data-e-type=\"section\">\n\t\t\t\t\t\t<div class=\"elementor-container elementor-column-gap-default\">\n\t\t\t\t\t<div class=\"elementor-column elementor-col-100 elementor-top-column elementor-element elementor-element-720b077\" data-id=\"720b077\" data-element_type=\"column\" data-e-type=\"column\">\n\t\t\t<div class=\"elementor-widget-wrap elementor-element-populated\">\n\t\t\t\t\t\t<div class=\"elementor-element elementor-element-338ac09 elementor-widget elementor-widget-text-editor\" data-id=\"338ac09\" data-element_type=\"widget\" data-e-type=\"widget\" data-widget_type=\"text-editor.default\">\n\t\t\t\t<div class=\"elementor-widget-container\">\n\t\t\t\t\t\t\t\t\t<p>Hry hokejov\u00e9ho typu mali v\u017edy ve\u013ea priaznivcov, tak\u017ee postupne vznikali aj viacer\u00e9 vari\u00e1cie pozemn\u00e9ho a \u013eadov\u00e9ho hokeja. Na severe Eur\u00f3py vznikol u\u017e koncom minul\u00e9ho storo\u010dia bandy hokej, ktor\u00fd sa v roku 1952 dostal aj do programu Olympijsk\u00fdch hier v Osle. Na jeho z\u00e1klade vymysleli \u0161v\u00e9dski nad\u0161enci v roku 1980 florbal a v roku 1986 bola na kongrese v Husquarne zalo\u017een\u00e1 medzin\u00e1rodn\u00e1 florbalov\u00e1 feder\u00e1cia IFF. Dnes m\u00e1 22 \u010dlensk\u00fdch kraj\u00edn. Florbal je popul\u00e1rny najm\u00e4 v krajine svojho vzniku, vo \u0160v\u00e9dsku. O prevahe \u0161portovcov s tromi korunkami sved\u010d\u00ed aj fakt, \u017ee od roku 1986 prehrali v medzin\u00e1rodn\u00fdch z\u00e1pasoch len dva z\u00e1pasy.Florbal_1 Ve\u013ek\u00fdm propag\u00e1torom florbalu je \u0161v\u00e9dsky hokejov\u00fd internacion\u00e1l B\u00f6rje Salming.<\/p><p>Florbal sa hr\u00e1 na ihrisku s rozmermi 40 x 20 metrov, ktor\u00e9 je ohrani\u010den\u00e9 mantinelmi vysok\u00fdmi 0,5 metra, ktor\u00e9 s\u00fa v rohoch zaoblen\u00e9.\u00a0 Pred br\u00e1nkami je ve\u013ek\u00e9 br\u00e1nkovisko s rozmermi 4 x 5 metrov, v ktorom je vyzna\u010den\u00e9 mal\u00e9 br\u00e1nkovisko s rozmermi 1 x 2,5 metra. Br\u00e1nka je 160 cm \u0161irok\u00e1 a 115 cm vysok\u00e1. Dru\u017estv\u00e1 maj\u00fa po 5 hr\u00e1\u010dov v poli a brank\u00e1ra. Ka\u017ed\u00e9 dru\u017estvo m\u00f4\u017ee postavi\u0165 do z\u00e1pasu maxim\u00e1lne 20 hr\u00e1\u010dov, ktor\u00ed sa \u013eubovo\u013ene striedaj\u00fa. Strieda\u010dky s\u00fa umiestnen\u00e9 za mantinelom pozd\u013a\u017e jednej z dlh\u0161\u00edch str\u00e1n. Oproti strieda\u010dk\u00e1m s\u00fa trestn\u00e9 lavice. Hr\u00e1\u010di v poli maj\u00fa florbalov\u00e9 hokejky z \u013eahk\u00fdch syntetick\u00fdch materi\u00e1lov. Ich hmotnos\u0165 nesmie presiahn\u00fa\u0165 380 gramov a d\u013a\u017eka je max. 95 cm.\u00a0 Hokejka m\u00e1 v\u00fdrazne zakriven\u00fa \u010depe\u013e, ktor\u00e1 je na viacer\u00fdch miestach perforovan\u00e1. Lopti\u010dka je zo syntetick\u00e9ho materi\u00e1lu a m\u00e1 priemer 72 mm. V\u00e1\u017ei 23 gramov a je pretkan\u00e1 26 dierkami s priemerom 1 cm.<\/p><p>Brank\u00e1r je ozna\u010den\u00fd p\u00edsmenom G a do br\u00e1ny nastupuje bez hokejky. Povinno v\u00fdbavou brank\u00e1ra je ochrana tv\u00e1re (prilba s mrie\u017ekou). V z\u00e1pase, v ktorom nastupuje ako brank\u00e1r, nesmie hra\u0165 ako hr\u00e1\u010d v poli. V priestore br\u00e1nkoviska m\u00f4\u017ee pou\u017ei\u0165 ktor\u00fako\u013evek \u010das\u0165 tela na dr\u017eanie, usmernenie, hodenie alebo kopnutie lopty. Hr\u00e1\u010di v poli maj\u00fa oble\u010den\u00e9 tri\u010dko, tren\u00edrky a podkolienky. Na tri\u010dk\u00e1ch vpredu a vzadu s\u00fa ozna\u010den\u00ed \u010d\u00edslami. Na noh\u00e1ch maj\u00fa \u0161portov\u00fa obuv. Brank\u00e1r m\u00e1 dres inej farebnej kombin\u00e1cie ako hr\u00e1\u010di v poli a povinne mus\u00ed ma\u0165 masku. Vhadzovanie medzi jednotliv\u00fdch hr\u00e1\u010dov v poli sa rob\u00ed len na za\u010diatku z\u00e1pasu alebo po strelen\u00ed g\u00f3lu. V ostatn\u00fdch pr\u00edpadoch sa sporn\u00e1 situ\u00e1cia rie\u0161i rozohr\u00e1vkou po\u0161kodenej strany. Hr\u00e1\u010di s\u00fa pri priestupkoch penalizovan\u00ed vylu\u010dovan\u00edm na 2, 5, 10 min\u00fat alebo a\u017e dokonca z\u00e1pasu. Z\u00e1pas sa hr\u00e1 3 x 20 min\u00fat s dvomi desa\u0165min\u00fatov\u00fdmi prest\u00e1vkami. V ni\u017e\u0161\u00edch s\u00fa\u0165a\u017eiach sahr\u00e1 3 x 15 min\u00fat alebo 2 x 20 min\u00fat. Z\u00e1pas rozhoduj\u00fa dvaja rovnocenn\u00ed rozhodcovia.<\/p><p>Hra sa za\u010d\u00edna vhadzovan\u00edm na stredovom bode. Pri vhadzovan\u00ed je lopti\u010dka na podlahe, protihr\u00e1\u010di stoja \u010delom k sebe v smere \u00fatoku, \u010depele hokejok s\u00fa rovnobe\u017ene na zemi v bl\u00edzkosti lopti\u010dky. Na sign\u00e1l rozhodcu sa sna\u017eia rozohra\u0165 lopti\u010dku svoj\u00edm spoluhr\u00e1\u010dom, ktor\u00ed stoja na vlastnej polovici vo vzdialenosti min. 3 m od rozohr\u00e1vaj\u00facich hr\u00e1\u010dov.Florbal_2 Pri poru\u0161en\u00ed pravidiel rozohr\u00e1va dru\u017estvo, ktor\u00e9 sa neprevinilo vo\u013en\u00fd \u00fader &#8211; rozohr\u00e1va sa z miesta priestupku, br\u00e1niaci hr\u00e1\u010di musia by\u0165 minim\u00e1lne 3 m od lopti\u010dky, ktor\u00e1 sa mus\u00ed rozohra\u0165 hokejkou. Hr\u00e1\u010d, ktor\u00fd rozohr\u00e1va sa nesmie dotkn\u00fa\u0165 lopti\u010dky dvakr\u00e1t za sebou, z vo\u013en\u00e9ho \u00faderu mo\u017eno dosiahn\u00fa\u0165 priamo g\u00f3l. Vo\u013en\u00fd hod sa nariadi pri pou\u0161en\u00ed pravidiel : br\u00e1niaci hr\u00e1\u010d zasiahne, blokuje alebo zdvihne s\u00faperovu hokejku, br\u00e1niaci hr\u00e1\u010d hokejkou zasiahne s\u00fapera, vr\u00e1\u017ea do s\u00fapera inou \u010das\u0165ou tela ako ramenom, \u00fato\u010diaci hr\u00e1\u010d hr\u00e1 hokejkou nad \u00farov\u0148ou kolien, \u00fato\u010diaci hr\u00e1\u010d prihr\u00e1 rukou alebo hr\u00e1\u010d zasiahne lopti\u010dku vo v\u00fdskoku.<\/p><p>\u010eal\u0161ia skupina priestupkov sa trest\u00e1 vyl\u00fa\u010den\u00edm na 2 min. : hr\u00e1\u010d str\u010d\u00ed s\u00fapera na mantinel alebo br\u00e1nku, chyt\u00ed s\u00fapera za dres. Hr\u00e1 \u00famyselne rukou alebo hlavou, hr\u00e1\u010d zastav\u00ed s\u00fapera nedovolen\u00fdm sp\u00f4sobom alebo hr\u00e1 hokejkou nad \u00farov\u0148ou p\u00e1sa.\u00a0\u00a0<\/p><p>Osobitn\u00e1 skupina priestupkov sa trest\u00e1 5 min\u00fatov\u00fdm vyl\u00fa\u010den\u00edm hr\u00e1\u010da : nebezpe\u010dn\u00e9 \u00fadery hokejkou, hodenie hokejky so snahou zasiahn\u00fa\u0165 lopti\u010dku, hrub\u00e9 napadnutie s\u00fapera. Dru\u017estvo hr\u00e1 v \u010dase vyl\u00fa\u010denia oslaben\u00e9 o potrestan\u00e9ho hr\u00e1\u010da.<\/p><p>Florbal je ve\u013emi popul\u00e1rny aj medzi voz\u00ed\u010dkarmi.<\/p>\t\t\t\t\t\t\t\t<\/div>\n\t\t\t\t<\/div>\n\t\t\t\t\t<\/div>\n\t\t<\/div>\n\t\t\t\t\t<\/div>\n\t\t<\/section>\n\t\t\t\t<\/div>\n\t\t","protected":false},"excerpt":{"rendered":"<p>FLOORBALL Hry hokejov\u00e9ho typu mali v\u017edy ve\u013ea priaznivcov, tak\u017ee postupne vznikali aj viacer\u00e9 vari\u00e1cie pozemn\u00e9ho a \u013eadov\u00e9ho hokeja. Na severe Eur\u00f3py vznikol u\u017e koncom minul\u00e9ho storo\u010dia bandy hokej, ktor\u00fd sa v roku 1952 dostal aj do programu Olympijsk\u00fdch hier v Osle. Na jeho z\u00e1klade vymysleli \u0161v\u00e9dski nad\u0161enci v roku 1980 florbal a v roku 1986 [&hellip;]<\/p>\n","protected":false},"author":1,"featured_media":0,"parent":0,"menu_order":0,"comment_status":"closed","ping_status":"closed","template":"","meta":{"_monsterinsights_skip_tracking":false,"_monsterinsights_sitenote_active":false,"_monsterinsights_sitenote_note":"","_monsterinsights_sitenote_category":0,"ocean_post_layout":"","ocean_both_sidebars_style":"","ocean_both_sidebars_content_width":0,"ocean_both_sidebars_sidebars_width":0,"ocean_sidebar":"0","ocean_second_sidebar":"0","ocean_disable_margins":"enable","ocean_add_body_class":"","ocean_shortcode_before_top_bar":"","ocean_shortcode_after_top_bar":"","ocean_shortcode_before_header":"","ocean_shortcode_after_header":"","ocean_has_shortcode":"","ocean_shortcode_after_title":"","ocean_shortcode_before_footer_widgets":"","ocean_shortcode_after_footer_widgets":"","ocean_shortcode_before_footer_bottom":"","ocean_shortcode_after_footer_bottom":"","ocean_display_top_bar":"default","ocean_display_header":"default","ocean_header_style":"","ocean_center_header_left_menu":"0","ocean_custom_header_template":"0","ocean_custom_logo":0,"ocean_custom_retina_logo":0,"ocean_custom_logo_max_width":0,"ocean_custom_logo_tablet_max_width":0,"ocean_custom_logo_mobile_max_width":0,"ocean_custom_logo_max_height":0,"ocean_custom_logo_tablet_max_height":0,"ocean_custom_logo_mobile_max_height":0,"ocean_header_custom_menu":"0","ocean_menu_typo_font_family":"0","ocean_menu_typo_font_subset":"","ocean_menu_typo_font_size":0,"ocean_menu_typo_font_size_tablet":0,"ocean_menu_typo_font_size_mobile":0,"ocean_menu_typo_font_size_unit":"px","ocean_menu_typo_font_weight":"","ocean_menu_typo_font_weight_tablet":"","ocean_menu_typo_font_weight_mobile":"","ocean_menu_typo_transform":"","ocean_menu_typo_transform_tablet":"","ocean_menu_typo_transform_mobile":"","ocean_menu_typo_line_height":0,"ocean_menu_typo_line_height_tablet":0,"ocean_menu_typo_line_height_mobile":0,"ocean_menu_typo_line_height_unit":"","ocean_menu_typo_spacing":0,"ocean_menu_typo_spacing_tablet":0,"ocean_menu_typo_spacing_mobile":0,"ocean_menu_typo_spacing_unit":"","ocean_menu_link_color":"","ocean_menu_link_color_hover":"","ocean_menu_link_color_active":"","ocean_menu_link_background":"","ocean_menu_link_hover_background":"","ocean_menu_link_active_background":"","ocean_menu_social_links_bg":"","ocean_menu_social_hover_links_bg":"","ocean_menu_social_links_color":"","ocean_menu_social_hover_links_color":"","ocean_disable_title":"on","ocean_disable_heading":"default","ocean_post_title":"","ocean_post_subheading":"","ocean_post_title_style":"","ocean_post_title_background_color":"","ocean_post_title_background":0,"ocean_post_title_bg_image_position":"","ocean_post_title_bg_image_attachment":"","ocean_post_title_bg_image_repeat":"","ocean_post_title_bg_image_size":"","ocean_post_title_height":0,"ocean_post_title_bg_overlay":0.5,"ocean_post_title_bg_overlay_color":"","ocean_disable_breadcrumbs":"default","ocean_breadcrumbs_color":"","ocean_breadcrumbs_separator_color":"","ocean_breadcrumbs_links_color":"","ocean_breadcrumbs_links_hover_color":"","ocean_display_footer_widgets":"default","ocean_display_footer_bottom":"default","ocean_custom_footer_template":"0","footnotes":""},"class_list":["post-469","page","type-page","status-publish","hentry","entry"],"yoast_head":"<!-- This site is optimized with the Yoast SEO plugin v26.0 - https:\/\/yoast.com\/wordpress\/plugins\/seo\/ -->\n<title>Floorball &#8212; Netradi\u010dn\u00e9 \u0161porty<\/title>\n<meta name=\"robots\" content=\"index, follow, max-snippet:-1, max-image-preview:large, max-video-preview:-1\" \/>\n<link rel=\"canonical\" href=\"https:\/\/netradicnesporty.sk\/?page_id=469\" \/>\n<meta property=\"og:locale\" content=\"sk_SK\" \/>\n<meta property=\"og:type\" content=\"article\" \/>\n<meta property=\"og:title\" content=\"Floorball &#8212; Netradi\u010dn\u00e9 \u0161porty\" \/>\n<meta property=\"og:description\" content=\"FLOORBALL Hry hokejov\u00e9ho typu mali v\u017edy ve\u013ea priaznivcov, tak\u017ee postupne vznikali aj viacer\u00e9 vari\u00e1cie pozemn\u00e9ho a \u013eadov\u00e9ho hokeja. Na severe Eur\u00f3py vznikol u\u017e koncom minul\u00e9ho storo\u010dia bandy hokej, ktor\u00fd sa v roku 1952 dostal aj do programu Olympijsk\u00fdch hier v Osle. Na jeho z\u00e1klade vymysleli \u0161v\u00e9dski nad\u0161enci v roku 1980 florbal a v roku 1986 [&hellip;]\" \/>\n<meta property=\"og:url\" content=\"https:\/\/netradicnesporty.sk\/?page_id=469\" \/>\n<meta property=\"og:site_name\" content=\"Netradi\u010dn\u00e9 \u0161porty\" \/>\n<meta property=\"article:publisher\" content=\"https:\/\/www.facebook.com\/netradicnesporty.sk\" \/>\n<meta property=\"article:modified_time\" content=\"2020-12-13T17:30:17+00:00\" \/>\n<meta name=\"twitter:card\" content=\"summary_large_image\" \/>\n<meta name=\"twitter:label1\" content=\"Predpokladan\u00fd \u010das \u010d\u00edtania\" \/>\n\t<meta name=\"twitter:data1\" content=\"4 min\u00faty\" \/>\n<script type=\"application\/ld+json\" class=\"yoast-schema-graph\">{\"@context\":\"https:\/\/schema.org\",\"@graph\":[{\"@type\":\"WebPage\",\"@id\":\"https:\/\/netradicnesporty.sk\/?page_id=469\",\"url\":\"https:\/\/netradicnesporty.sk\/?page_id=469\",\"name\":\"Floorball &#8212; Netradi\u010dn\u00e9 \u0161porty\",\"isPartOf\":{\"@id\":\"https:\/\/netradicnesporty.sk\/#website\"},\"datePublished\":\"2020-08-18T08:57:24+00:00\",\"dateModified\":\"2020-12-13T17:30:17+00:00\",\"breadcrumb\":{\"@id\":\"https:\/\/netradicnesporty.sk\/?page_id=469#breadcrumb\"},\"inLanguage\":\"sk-SK\",\"potentialAction\":[{\"@type\":\"ReadAction\",\"target\":[\"https:\/\/netradicnesporty.sk\/?page_id=469\"]}]},{\"@type\":\"BreadcrumbList\",\"@id\":\"https:\/\/netradicnesporty.sk\/?page_id=469#breadcrumb\",\"itemListElement\":[{\"@type\":\"ListItem\",\"position\":1,\"name\":\"Home\",\"item\":\"https:\/\/netradicnesporty.sk\/\"},{\"@type\":\"ListItem\",\"position\":2,\"name\":\"Floorball\"}]},{\"@type\":\"WebSite\",\"@id\":\"https:\/\/netradicnesporty.sk\/#website\",\"url\":\"https:\/\/netradicnesporty.sk\/\",\"name\":\"Netradi\u010dn\u00e9 \u0161porty\",\"description\":\"\",\"publisher\":{\"@id\":\"https:\/\/netradicnesporty.sk\/#organization\"},\"potentialAction\":[{\"@type\":\"SearchAction\",\"target\":{\"@type\":\"EntryPoint\",\"urlTemplate\":\"https:\/\/netradicnesporty.sk\/?s={search_term_string}\"},\"query-input\":{\"@type\":\"PropertyValueSpecification\",\"valueRequired\":true,\"valueName\":\"search_term_string\"}}],\"inLanguage\":\"sk-SK\"},{\"@type\":\"Organization\",\"@id\":\"https:\/\/netradicnesporty.sk\/#organization\",\"name\":\"Netradi\u010dn\u00e9 \u0161porty\",\"url\":\"https:\/\/netradicnesporty.sk\/\",\"logo\":{\"@type\":\"ImageObject\",\"inLanguage\":\"sk-SK\",\"@id\":\"https:\/\/netradicnesporty.sk\/#\/schema\/logo\/image\/\",\"url\":\"https:\/\/netradicnesporty.sk\/wp-content\/uploads\/2020\/10\/Logo_velke-01.png\",\"contentUrl\":\"https:\/\/netradicnesporty.sk\/wp-content\/uploads\/2020\/10\/Logo_velke-01.png\",\"width\":191,\"height\":158,\"caption\":\"Netradi\u010dn\u00e9 \u0161porty\"},\"image\":{\"@id\":\"https:\/\/netradicnesporty.sk\/#\/schema\/logo\/image\/\"},\"sameAs\":[\"https:\/\/www.facebook.com\/netradicnesporty.sk\"]}]}<\/script>\n<!-- \/ Yoast SEO plugin. -->","yoast_head_json":{"title":"Floorball &#8212; Netradi\u010dn\u00e9 \u0161porty","robots":{"index":"index","follow":"follow","max-snippet":"max-snippet:-1","max-image-preview":"max-image-preview:large","max-video-preview":"max-video-preview:-1"},"canonical":"https:\/\/netradicnesporty.sk\/?page_id=469","og_locale":"sk_SK","og_type":"article","og_title":"Floorball &#8212; Netradi\u010dn\u00e9 \u0161porty","og_description":"FLOORBALL Hry hokejov\u00e9ho typu mali v\u017edy ve\u013ea priaznivcov, tak\u017ee postupne vznikali aj viacer\u00e9 vari\u00e1cie pozemn\u00e9ho a \u013eadov\u00e9ho hokeja. Na severe Eur\u00f3py vznikol u\u017e koncom minul\u00e9ho storo\u010dia bandy hokej, ktor\u00fd sa v roku 1952 dostal aj do programu Olympijsk\u00fdch hier v Osle. Na jeho z\u00e1klade vymysleli \u0161v\u00e9dski nad\u0161enci v roku 1980 florbal a v roku 1986 [&hellip;]","og_url":"https:\/\/netradicnesporty.sk\/?page_id=469","og_site_name":"Netradi\u010dn\u00e9 \u0161porty","article_publisher":"https:\/\/www.facebook.com\/netradicnesporty.sk","article_modified_time":"2020-12-13T17:30:17+00:00","twitter_card":"summary_large_image","twitter_misc":{"Predpokladan\u00fd \u010das \u010d\u00edtania":"4 min\u00faty"},"schema":{"@context":"https:\/\/schema.org","@graph":[{"@type":"WebPage","@id":"https:\/\/netradicnesporty.sk\/?page_id=469","url":"https:\/\/netradicnesporty.sk\/?page_id=469","name":"Floorball &#8212; Netradi\u010dn\u00e9 \u0161porty","isPartOf":{"@id":"https:\/\/netradicnesporty.sk\/#website"},"datePublished":"2020-08-18T08:57:24+00:00","dateModified":"2020-12-13T17:30:17+00:00","breadcrumb":{"@id":"https:\/\/netradicnesporty.sk\/?page_id=469#breadcrumb"},"inLanguage":"sk-SK","potentialAction":[{"@type":"ReadAction","target":["https:\/\/netradicnesporty.sk\/?page_id=469"]}]},{"@type":"BreadcrumbList","@id":"https:\/\/netradicnesporty.sk\/?page_id=469#breadcrumb","itemListElement":[{"@type":"ListItem","position":1,"name":"Home","item":"https:\/\/netradicnesporty.sk\/"},{"@type":"ListItem","position":2,"name":"Floorball"}]},{"@type":"WebSite","@id":"https:\/\/netradicnesporty.sk\/#website","url":"https:\/\/netradicnesporty.sk\/","name":"Netradi\u010dn\u00e9 \u0161porty","description":"","publisher":{"@id":"https:\/\/netradicnesporty.sk\/#organization"},"potentialAction":[{"@type":"SearchAction","target":{"@type":"EntryPoint","urlTemplate":"https:\/\/netradicnesporty.sk\/?s={search_term_string}"},"query-input":{"@type":"PropertyValueSpecification","valueRequired":true,"valueName":"search_term_string"}}],"inLanguage":"sk-SK"},{"@type":"Organization","@id":"https:\/\/netradicnesporty.sk\/#organization","name":"Netradi\u010dn\u00e9 \u0161porty","url":"https:\/\/netradicnesporty.sk\/","logo":{"@type":"ImageObject","inLanguage":"sk-SK","@id":"https:\/\/netradicnesporty.sk\/#\/schema\/logo\/image\/","url":"https:\/\/netradicnesporty.sk\/wp-content\/uploads\/2020\/10\/Logo_velke-01.png","contentUrl":"https:\/\/netradicnesporty.sk\/wp-content\/uploads\/2020\/10\/Logo_velke-01.png","width":191,"height":158,"caption":"Netradi\u010dn\u00e9 \u0161porty"},"image":{"@id":"https:\/\/netradicnesporty.sk\/#\/schema\/logo\/image\/"},"sameAs":["https:\/\/www.facebook.com\/netradicnesporty.sk"]}]}},"_links":{"self":[{"href":"https:\/\/netradicnesporty.sk\/index.php?rest_route=\/wp\/v2\/pages\/469","targetHints":{"allow":["GET"]}}],"collection":[{"href":"https:\/\/netradicnesporty.sk\/index.php?rest_route=\/wp\/v2\/pages"}],"about":[{"href":"https:\/\/netradicnesporty.sk\/index.php?rest_route=\/wp\/v2\/types\/page"}],"author":[{"embeddable":true,"href":"https:\/\/netradicnesporty.sk\/index.php?rest_route=\/wp\/v2\/users\/1"}],"replies":[{"embeddable":true,"href":"https:\/\/netradicnesporty.sk\/index.php?rest_route=%2Fwp%2Fv2%2Fcomments&post=469"}],"version-history":[{"count":6,"href":"https:\/\/netradicnesporty.sk\/index.php?rest_route=\/wp\/v2\/pages\/469\/revisions"}],"predecessor-version":[{"id":828,"href":"https:\/\/netradicnesporty.sk\/index.php?rest_route=\/wp\/v2\/pages\/469\/revisions\/828"}],"wp:attachment":[{"href":"https:\/\/netradicnesporty.sk\/index.php?rest_route=%2Fwp%2Fv2%2Fmedia&parent=469"}],"curies":[{"name":"wp","href":"https:\/\/api.w.org\/{rel}","templated":true}]}}