{"id":457,"date":"2020-08-18T08:29:42","date_gmt":"2020-08-18T06:29:42","guid":{"rendered":"http:\/\/netradicnesporty.site\/?page_id=457"},"modified":"2020-12-13T20:06:02","modified_gmt":"2020-12-13T19:06:02","slug":"softtenis","status":"publish","type":"page","link":"https:\/\/netradicnesporty.sk\/?page_id=457","title":{"rendered":"Softtenis"},"content":{"rendered":"\t\t<div data-elementor-type=\"wp-page\" data-elementor-id=\"457\" class=\"elementor elementor-457\">\n\t\t\t\t\t\t<section class=\"elementor-section elementor-top-section elementor-element elementor-element-14185ee elementor-section-boxed elementor-section-height-default elementor-section-height-default\" data-id=\"14185ee\" data-element_type=\"section\" data-e-type=\"section\">\n\t\t\t\t\t\t<div class=\"elementor-container elementor-column-gap-default\">\n\t\t\t\t\t<div class=\"elementor-column elementor-col-100 elementor-top-column elementor-element elementor-element-41b8fe3\" data-id=\"41b8fe3\" data-element_type=\"column\" data-e-type=\"column\">\n\t\t\t<div class=\"elementor-widget-wrap elementor-element-populated\">\n\t\t\t\t\t\t<div class=\"elementor-element elementor-element-6bd56a7 elementor-widget elementor-widget-heading\" data-id=\"6bd56a7\" data-element_type=\"widget\" data-e-type=\"widget\" data-widget_type=\"heading.default\">\n\t\t\t\t<div class=\"elementor-widget-container\">\n\t\t\t\t\t<h1 class=\"elementor-heading-title elementor-size-xl\">Softtenis<\/h1>\t\t\t\t<\/div>\n\t\t\t\t<\/div>\n\t\t\t\t\t<\/div>\n\t\t<\/div>\n\t\t\t\t\t<\/div>\n\t\t<\/section>\n\t\t\t\t<section class=\"elementor-section elementor-top-section elementor-element elementor-element-673cc89 elementor-section-boxed elementor-section-height-default elementor-section-height-default\" data-id=\"673cc89\" data-element_type=\"section\" data-e-type=\"section\">\n\t\t\t\t\t\t<div class=\"elementor-container elementor-column-gap-default\">\n\t\t\t\t\t<div class=\"elementor-column elementor-col-100 elementor-top-column elementor-element elementor-element-6622f6d\" data-id=\"6622f6d\" data-element_type=\"column\" data-e-type=\"column\">\n\t\t\t<div class=\"elementor-widget-wrap elementor-element-populated\">\n\t\t\t\t\t\t<div class=\"elementor-element elementor-element-e2fdcdc elementor-widget elementor-widget-text-editor\" data-id=\"e2fdcdc\" data-element_type=\"widget\" data-e-type=\"widget\" data-widget_type=\"text-editor.default\">\n\t\t\t\t<div class=\"elementor-widget-container\">\n\t\t\t\t\t\t\t\t\t<p>Vyrobenie molitanovej lopti\u010dky podnietilo vznik novej hry &#8211; SOFTTENISU, ktor\u00fd mo\u017eno nazva\u0165 aj minitenis, preto\u017ee sa hr\u00e1 prakticky pod\u013ea tenisov\u00fdch pravidiel, iba\u017ee na men\u0161om ihrisku a cez ni\u017e\u0161iu sie\u0165. Je to ide\u00e1lny rekrea\u010dn\u00fd \u0161port s mnoh\u00fdmi prednos\u0165ami a to :<\/p><p><span style=\"font-size: 15px; letter-spacing: 0.4px;\">Nie je n\u00e1ro\u010dn\u00fd\u00a0 na priestor, sta\u010d\u00ed ak\u00fdko\u013evek rovn\u00fd a tvrd\u00fd povrch.<br \/><\/span><span style=\"font-size: 15px; letter-spacing: 0.4px;\">Je vhodn\u00fd pre v\u0161etk\u00fdch za\u010d\u00ednaj\u00facich hr\u00e1\u010dov, ktor\u00ed v\u010faka pomal\u00e9mu letu i odskoku molitanovej lopti\u010dky maj\u00fa viac \u010dasu pripravi\u0165 sa na samotn\u00fd \u00fader.<br \/><\/span><span style=\"font-size: 15px; letter-spacing: 0.4px;\">To ist\u00e9 plat\u00ed aj u det\u00ed (u\u017e od 5 &#8211; 6 rokov), pre ktor\u00e9 je nyvy\u0161e ve\u013ekou v\u00fdhodou i mal\u00e1 hmotnos\u0165 rakety a lopti\u010dky.<br \/><\/span><span style=\"font-size: 15px; letter-spacing: 0.4px;\">Softtenis je vhodnou pr\u00edpravou na tenis, preto\u017ee technika a taktika s\u00fa v podstate zhodn\u00e9.<\/span><\/p><p><span style=\"font-size: 15px; letter-spacing: 0.4px;\">\u010eal\u0161ou ve\u013ekou v\u00fdhodou softtenisu je omnoho \u013eah\u0161ie zvl\u00e1dnutie techniky, tak\u017ee aj \u00fapln\u00ed za\u010diato\u010dn\u00edci si m\u00f4\u017eu \u010doskoro zahra\u0165 skuto\u010dn\u00fd z\u00e1pas. Pri vlastnom n\u00e1cviku i v hre treba v\u0161ak dodr\u017eiava\u0165 predov\u0161etk\u00fdm tieto hlavn\u00e9 z\u00e1sady :<\/span><\/p><p><span style=\"font-size: 15px; letter-spacing: 0.4px;\">Jedn\u00fdm zo z\u00e1kladn\u00fdch predpokladov \u00faspe\u0161n\u00e9ho \u00faderu je spr\u00e1vne dr\u017eanie rakety. Mo\u017enosti dr\u017eania rakety s\u00fa v podstate dve : bu\u010f so zmenou pre forhend a bekhend, alebo jednotn\u00e9 dr\u017eanie. Pre softtenis (najm\u00e4 u za\u010d\u00ednaj\u00facich a rekrea\u010dn\u00fdch hr\u00e1\u010dov) je v\u00fdhodnej\u0161ie jednotn\u00e9 dr\u017eanie, ktor\u00e9ho hlavnou prednos\u0165ou je pripravenos\u0165 na v\u0161etky \u00fadery. Pri jednotnom dr\u017ean\u00ed je V (t.j. vidlica medzi palcom a ukazov\u00e1kom ruky) tesne vpravo od \u013eavej hrany hornej pl\u00f4\u0161ky dr\u017eadla rakety.<\/span><\/p><p><span style=\"font-size: 15px; letter-spacing: 0.4px;\">Pred \u00faderom urobte vo\u013ene napnutou pa\u017eou n\u00e1prah a v momente \u00faderu do lopty spevnite z\u00e1p\u00e4stie (pozor, neoh\u00fdbajte pa\u017eu v lakti). Po \u00fadere do lopty raketa plynule pokra\u010duje k ramenu.<br \/><\/span><span style=\"font-size: 15px; letter-spacing: 0.4px;\">Do lopty udrite pred telom, s pokr\u010den\u00fdmi nohami v postaven\u00ed bokom do smeru letu lopti\u010dky.<br \/><\/span><span style=\"font-size: 15px; letter-spacing: 0.4px;\">Pri \u00fadere neust\u00e1le sledujte lopti\u010dku, a nie priestor, kam chcete lopti\u010dku zahra\u0165.<\/span><\/p>\t\t\t\t\t\t\t\t<\/div>\n\t\t\t\t<\/div>\n\t\t\t\t\t<\/div>\n\t\t<\/div>\n\t\t\t\t\t<\/div>\n\t\t<\/section>\n\t\t\t\t<section class=\"elementor-section elementor-top-section elementor-element elementor-element-6bb8ed3 elementor-section-boxed elementor-section-height-default elementor-section-height-default\" data-id=\"6bb8ed3\" data-element_type=\"section\" data-e-type=\"section\">\n\t\t\t\t\t\t<div class=\"elementor-container elementor-column-gap-default\">\n\t\t\t\t\t<div class=\"elementor-column elementor-col-100 elementor-top-column elementor-element elementor-element-713dd97\" data-id=\"713dd97\" data-element_type=\"column\" data-e-type=\"column\">\n\t\t\t<div class=\"elementor-widget-wrap elementor-element-populated\">\n\t\t\t\t\t\t<div class=\"elementor-element elementor-element-9faa7b0 elementor-widget elementor-widget-heading\" data-id=\"9faa7b0\" data-element_type=\"widget\" data-e-type=\"widget\" data-widget_type=\"heading.default\">\n\t\t\t\t<div class=\"elementor-widget-container\">\n\t\t\t\t\t<h1 class=\"elementor-heading-title elementor-size-large\"><p class=\"MsoNormal\">Z\u00e1kladn\u00e9 pravidl\u00e1 softtenisu<\/p><\/h1>\t\t\t\t<\/div>\n\t\t\t\t<\/div>\n\t\t\t\t\t<\/div>\n\t\t<\/div>\n\t\t\t\t\t<\/div>\n\t\t<\/section>\n\t\t\t\t<section class=\"elementor-section elementor-top-section elementor-element elementor-element-500f2b2 elementor-section-boxed elementor-section-height-default elementor-section-height-default\" data-id=\"500f2b2\" data-element_type=\"section\" data-e-type=\"section\">\n\t\t\t\t\t\t<div class=\"elementor-container elementor-column-gap-default\">\n\t\t\t\t\t<div class=\"elementor-column elementor-col-100 elementor-top-column elementor-element elementor-element-0ba94bc\" data-id=\"0ba94bc\" data-element_type=\"column\" data-e-type=\"column\">\n\t\t\t<div class=\"elementor-widget-wrap elementor-element-populated\">\n\t\t\t\t\t\t<div class=\"elementor-element elementor-element-e291ef7 elementor-widget elementor-widget-text-editor\" data-id=\"e291ef7\" data-element_type=\"widget\" data-e-type=\"widget\" data-widget_type=\"text-editor.default\">\n\t\t\t\t<div class=\"elementor-widget-container\">\n\t\t\t\t\t\t\t\t\t<ol><li><b>Ihrisko<\/b><\/li><\/ol><p>Ihrisko pre dvojhru m\u00e1 rozmery 12 x 6 m, pre \u0161tvorhru 12 x 7,60 metra. Uprostred je rozdelen\u00fd sie\u0165ou, ktor\u00e1 je vysok\u00e1\u00a0 80 cm. Vo vzdialenosti 4 m od stredu dvorca s\u00fa rovnobe\u017ene so sie\u0165ou vyzna\u010den\u00e9 \u010diary pre podanie. Tento priestor rozde\u013euje e\u0161te stredov\u00e1 \u010diara na dve rovnako ve\u013ek\u00e9 polia pre podanie.<\/p><p>\u00a0<\/p><ol start=\"2\"><li><b>Vybavenie<\/b><\/li><\/ol><p>Softtenis sa hr\u00e1 \u0161peci\u00e1lnymi \u013eahk\u00fdmi raketami z plastickej hmoty. Mo\u017eno v\u0161ak pou\u017e\u00edva\u0165 aj dreven\u00e9 p\u00e1lky, strunov\u00e9 rakety so skr\u00e1ten\u00fdm dr\u017eadlom alebo aj norm\u00e1lne tenisov\u00e9 rakety. Hr\u00e1 sa so \u0161peci\u00e1lnou molitanovou lopti\u010dkou, ktor\u00e1 m\u00e1 rozmery tenisovej lopti\u010dky.<\/p><ol start=\"3\"><li><b>Hr\u00e1\u010di<\/b><\/li><\/ol><p>Z\u00e1pas sa hr\u00e1 ako dvojhra, \u0161tvorhra alebo zmie\u0161an\u00e1 \u0161tvorhra (mu\u017e a \u017eena). Striedanie hr\u00e1\u010dov po\u010das z\u00e1pasu nie je dovolen\u00e9.<\/p><p>\u00a0<\/p><ol start=\"4\"><li><b>Hrac\u00ed \u010das<\/b><\/li><\/ol><p>Z\u00e1pas sa sklad\u00e1 z jednotliv\u00fdch setov a hr\u00e1 sa spravidla na dva v\u00ed\u0165azn\u00e9 sety (rekrea\u010dne sa v\u0161ak m\u00f4\u017ee hra\u0165 aj na jeden set, na vopred ur\u010den\u00fd po\u010det hier a pod.) Set vyhr\u00e1va ten, kto z\u00edska 6 hier, no mus\u00ed z\u00edska\u0165 o dve hry viac ako s\u00faper. Ak po stave 5:5 nasleduje stav 6:5 a 6:6, hr\u00e1 sa skr\u00e1ten\u00e1 hra (tzv. tie-break).<\/p><p>\u00a0<\/p><ol start=\"5\"><li><b>Stav v hre<\/b><\/li><\/ol><p>Pri prvom bode po\u010d\u00edtame 15, pri druhom bode 30 a pri tre\u0165om 40. Hru vyhr\u00e1va hr\u00e1\u010d, ktor\u00fd z\u00edska 4 v\u00ed\u0165azn\u00e9 body. Pri zhode (40:40) treba zv\u00ed\u0165azi\u0165 o 2 body &#8211; v\u00ed\u0165azn\u00e9 body.<\/p><p>\u00a0<\/p><ol start=\"6\"><li><b>Tie &#8211; break<\/b><\/li><\/ol><p>Pri tie-breaku sa pou\u017e\u00edva numerick\u00e9 po\u010d\u00edtanie (dobr\u00e1 lopta = zisk jedn\u00e9ho bodu). Hr\u00e1\u010d, ktor\u00fd m\u00e1 pod\u013ea poradia pod\u00e1va\u0165, m\u00e1 jedno podanie sprava. Potom pod\u00e1va s\u00faper najsk\u00f4r z\u013eava, a potom sprava. Obaja sa na podan\u00ed pravidelne striedaj\u00fa a\u017e do rozhodnutia.<br \/><span style=\"font-size: 15px; letter-spacing: 0.4px;\">Vyhr\u00e1va ten, kto ako prv\u00fd dosiahne 7 bodov s rozdielom minim\u00e1lne dvoch bodov (7:5, 8:6, &#8230;). Ten potom vyhr\u00e1va aj set pomerom 7:6. Po ka\u017ed\u00fdch \u0161iestich lopti\u010dk\u00e1ch sa menia strany.<\/span><\/p><ol start=\"7\"><li><b>Nedovolen\u00e9 sp\u00f4soby hry<\/b><\/li><\/ol><p>Hr\u00e1\u010d str\u00e1ca bod v t\u00fdchto pr\u00edpadoch :<\/p><p>\u00a0<\/p><p>Ak sa mu nepodar\u00ed vr\u00e1ti\u0165 lopti\u010dku sk\u00f4r, ne\u017e sa t\u00e1to dotkne dvakr\u00e1t za sebou zeme.<br \/><span style=\"font-size: 15px; letter-spacing: 0.4px;\">Ak vr\u00e1ti lopti\u010dku, ktor\u00e1 je v hre tak, \u017ee dopadne na zem, na st\u00e1le zariadenie alebo in\u00fd predmet mimo \u010diary ohrani\u010duj\u00facej s\u00faperovo pole.<br \/><\/span><span style=\"font-size: 15px; letter-spacing: 0.4px;\">Ak hr\u00e1 lopti\u010dku vo vzduchu a vr\u00e1ti ju chybne, aj ke\u010f pritom stoj\u00ed mimo dvorca.<br \/><\/span><span style=\"font-size: 15px; letter-spacing: 0.4px;\">Ak hr\u00e1 lopti\u010dku raketou tak, \u017ee ju \u00famyselne nesie alebo udrie viac ne\u017e raz.<br \/><\/span><span style=\"font-size: 15px; letter-spacing: 0.4px;\">Ak sa dotkne, pokia\u013e je lopti\u010dka v hre, raketou alebo ktorouko\u013evek \u010das\u0165ou tela siete, st\u013apikov alebo zeme v s\u00faperovom poli.<br \/><\/span><span style=\"font-size: 15px; letter-spacing: 0.4px;\">\u00damyselne br\u00e1ni s\u00faperovi v odohrat\u00ed lopti\u010dky.<\/span><\/p><p>\u00a0<\/p><ol start=\"8\"><li><b>Spr\u00e1vne vr\u00e1ten\u00e1 lopti\u010dka<\/b><\/li><\/ol><p>Lopti\u010dka je vr\u00e1ten\u00e1 spr\u00e1vne :<br \/><span style=\"font-size: 15px; letter-spacing: 0.4px;\">Ak sa dotkne sietealebo st\u013apikov, prejde cez ne a dopadne na zem v spr\u00e1vnom poli.<br \/><\/span><span style=\"font-size: 15px; letter-spacing: 0.4px;\">Ak bola vr\u00e1ten\u00e1 okolo st\u013apikov bu\u010f nad \u00farov\u0148ou horn\u00e9ho okraja siete, alebo pod \u0148ou, pokia\u013e dopadne na zem do spr\u00e1vneho po\u013ea.<\/span><\/p><p>\u00a0<\/p><ol start=\"9\"><li>Ak hr\u00e1\u010d odohr\u00e1 lopti\u010dku na svojej strane a pri \u00fadere presiahne raketou cez sie\u0165 (nesmie sa v\u0161ak dotkn\u00fa\u0165 siete).<\/li><\/ol>\t\t\t\t\t\t\t\t<\/div>\n\t\t\t\t<\/div>\n\t\t\t\t\t<\/div>\n\t\t<\/div>\n\t\t\t\t\t<\/div>\n\t\t<\/section>\n\t\t\t\t<\/div>\n\t\t","protected":false},"excerpt":{"rendered":"<p>Softtenis Vyrobenie molitanovej lopti\u010dky podnietilo vznik novej hry &#8211; SOFTTENISU, ktor\u00fd mo\u017eno nazva\u0165 aj minitenis, preto\u017ee sa hr\u00e1 prakticky pod\u013ea tenisov\u00fdch pravidiel, iba\u017ee na men\u0161om ihrisku a cez ni\u017e\u0161iu sie\u0165. Je to ide\u00e1lny rekrea\u010dn\u00fd \u0161port s mnoh\u00fdmi prednos\u0165ami a to : Nie je n\u00e1ro\u010dn\u00fd\u00a0 na priestor, sta\u010d\u00ed ak\u00fdko\u013evek rovn\u00fd a tvrd\u00fd povrch.Je vhodn\u00fd pre v\u0161etk\u00fdch [&hellip;]<\/p>\n","protected":false},"author":1,"featured_media":0,"parent":0,"menu_order":0,"comment_status":"closed","ping_status":"closed","template":"","meta":{"_monsterinsights_skip_tracking":false,"_monsterinsights_sitenote_active":false,"_monsterinsights_sitenote_note":"","_monsterinsights_sitenote_category":0,"ocean_post_layout":"","ocean_both_sidebars_style":"","ocean_both_sidebars_content_width":0,"ocean_both_sidebars_sidebars_width":0,"ocean_sidebar":"0","ocean_second_sidebar":"0","ocean_disable_margins":"enable","ocean_add_body_class":"","ocean_shortcode_before_top_bar":"","ocean_shortcode_after_top_bar":"","ocean_shortcode_before_header":"","ocean_shortcode_after_header":"","ocean_has_shortcode":"","ocean_shortcode_after_title":"","ocean_shortcode_before_footer_widgets":"","ocean_shortcode_after_footer_widgets":"","ocean_shortcode_before_footer_bottom":"","ocean_shortcode_after_footer_bottom":"","ocean_display_top_bar":"default","ocean_display_header":"default","ocean_header_style":"","ocean_center_header_left_menu":"0","ocean_custom_header_template":"0","ocean_custom_logo":0,"ocean_custom_retina_logo":0,"ocean_custom_logo_max_width":0,"ocean_custom_logo_tablet_max_width":0,"ocean_custom_logo_mobile_max_width":0,"ocean_custom_logo_max_height":0,"ocean_custom_logo_tablet_max_height":0,"ocean_custom_logo_mobile_max_height":0,"ocean_header_custom_menu":"0","ocean_menu_typo_font_family":"0","ocean_menu_typo_font_subset":"","ocean_menu_typo_font_size":0,"ocean_menu_typo_font_size_tablet":0,"ocean_menu_typo_font_size_mobile":0,"ocean_menu_typo_font_size_unit":"px","ocean_menu_typo_font_weight":"","ocean_menu_typo_font_weight_tablet":"","ocean_menu_typo_font_weight_mobile":"","ocean_menu_typo_transform":"","ocean_menu_typo_transform_tablet":"","ocean_menu_typo_transform_mobile":"","ocean_menu_typo_line_height":0,"ocean_menu_typo_line_height_tablet":0,"ocean_menu_typo_line_height_mobile":0,"ocean_menu_typo_line_height_unit":"","ocean_menu_typo_spacing":0,"ocean_menu_typo_spacing_tablet":0,"ocean_menu_typo_spacing_mobile":0,"ocean_menu_typo_spacing_unit":"","ocean_menu_link_color":"","ocean_menu_link_color_hover":"","ocean_menu_link_color_active":"","ocean_menu_link_background":"","ocean_menu_link_hover_background":"","ocean_menu_link_active_background":"","ocean_menu_social_links_bg":"","ocean_menu_social_hover_links_bg":"","ocean_menu_social_links_color":"","ocean_menu_social_hover_links_color":"","ocean_disable_title":"on","ocean_disable_heading":"default","ocean_post_title":"","ocean_post_subheading":"","ocean_post_title_style":"","ocean_post_title_background_color":"","ocean_post_title_background":0,"ocean_post_title_bg_image_position":"","ocean_post_title_bg_image_attachment":"","ocean_post_title_bg_image_repeat":"","ocean_post_title_bg_image_size":"","ocean_post_title_height":0,"ocean_post_title_bg_overlay":0.5,"ocean_post_title_bg_overlay_color":"","ocean_disable_breadcrumbs":"default","ocean_breadcrumbs_color":"","ocean_breadcrumbs_separator_color":"","ocean_breadcrumbs_links_color":"","ocean_breadcrumbs_links_hover_color":"","ocean_display_footer_widgets":"default","ocean_display_footer_bottom":"default","ocean_custom_footer_template":"0","footnotes":""},"class_list":["post-457","page","type-page","status-publish","hentry","entry"],"yoast_head":"<!-- This site is optimized with the Yoast SEO plugin v26.0 - https:\/\/yoast.com\/wordpress\/plugins\/seo\/ -->\n<title>Softtenis &#8212; Netradi\u010dn\u00e9 \u0161porty<\/title>\n<meta name=\"robots\" content=\"index, follow, max-snippet:-1, max-image-preview:large, max-video-preview:-1\" \/>\n<link rel=\"canonical\" href=\"https:\/\/netradicnesporty.sk\/?page_id=457\" \/>\n<meta property=\"og:locale\" content=\"sk_SK\" \/>\n<meta property=\"og:type\" content=\"article\" \/>\n<meta property=\"og:title\" content=\"Softtenis &#8212; Netradi\u010dn\u00e9 \u0161porty\" \/>\n<meta property=\"og:description\" content=\"Softtenis Vyrobenie molitanovej lopti\u010dky podnietilo vznik novej hry &#8211; SOFTTENISU, ktor\u00fd mo\u017eno nazva\u0165 aj minitenis, preto\u017ee sa hr\u00e1 prakticky pod\u013ea tenisov\u00fdch pravidiel, iba\u017ee na men\u0161om ihrisku a cez ni\u017e\u0161iu sie\u0165. Je to ide\u00e1lny rekrea\u010dn\u00fd \u0161port s mnoh\u00fdmi prednos\u0165ami a to : Nie je n\u00e1ro\u010dn\u00fd\u00a0 na priestor, sta\u010d\u00ed ak\u00fdko\u013evek rovn\u00fd a tvrd\u00fd povrch.Je vhodn\u00fd pre v\u0161etk\u00fdch [&hellip;]\" \/>\n<meta property=\"og:url\" content=\"https:\/\/netradicnesporty.sk\/?page_id=457\" \/>\n<meta property=\"og:site_name\" content=\"Netradi\u010dn\u00e9 \u0161porty\" \/>\n<meta property=\"article:publisher\" content=\"https:\/\/www.facebook.com\/netradicnesporty.sk\" \/>\n<meta property=\"article:modified_time\" content=\"2020-12-13T19:06:02+00:00\" \/>\n<meta name=\"twitter:card\" content=\"summary_large_image\" \/>\n<meta name=\"twitter:label1\" content=\"Predpokladan\u00fd \u010das \u010d\u00edtania\" \/>\n\t<meta name=\"twitter:data1\" content=\"4 min\u00faty\" \/>\n<script type=\"application\/ld+json\" class=\"yoast-schema-graph\">{\"@context\":\"https:\/\/schema.org\",\"@graph\":[{\"@type\":\"WebPage\",\"@id\":\"https:\/\/netradicnesporty.sk\/?page_id=457\",\"url\":\"https:\/\/netradicnesporty.sk\/?page_id=457\",\"name\":\"Softtenis &#8212; Netradi\u010dn\u00e9 \u0161porty\",\"isPartOf\":{\"@id\":\"https:\/\/netradicnesporty.sk\/#website\"},\"datePublished\":\"2020-08-18T06:29:42+00:00\",\"dateModified\":\"2020-12-13T19:06:02+00:00\",\"breadcrumb\":{\"@id\":\"https:\/\/netradicnesporty.sk\/?page_id=457#breadcrumb\"},\"inLanguage\":\"sk-SK\",\"potentialAction\":[{\"@type\":\"ReadAction\",\"target\":[\"https:\/\/netradicnesporty.sk\/?page_id=457\"]}]},{\"@type\":\"BreadcrumbList\",\"@id\":\"https:\/\/netradicnesporty.sk\/?page_id=457#breadcrumb\",\"itemListElement\":[{\"@type\":\"ListItem\",\"position\":1,\"name\":\"Home\",\"item\":\"https:\/\/netradicnesporty.sk\/\"},{\"@type\":\"ListItem\",\"position\":2,\"name\":\"Softtenis\"}]},{\"@type\":\"WebSite\",\"@id\":\"https:\/\/netradicnesporty.sk\/#website\",\"url\":\"https:\/\/netradicnesporty.sk\/\",\"name\":\"Netradi\u010dn\u00e9 \u0161porty\",\"description\":\"\",\"publisher\":{\"@id\":\"https:\/\/netradicnesporty.sk\/#organization\"},\"potentialAction\":[{\"@type\":\"SearchAction\",\"target\":{\"@type\":\"EntryPoint\",\"urlTemplate\":\"https:\/\/netradicnesporty.sk\/?s={search_term_string}\"},\"query-input\":{\"@type\":\"PropertyValueSpecification\",\"valueRequired\":true,\"valueName\":\"search_term_string\"}}],\"inLanguage\":\"sk-SK\"},{\"@type\":\"Organization\",\"@id\":\"https:\/\/netradicnesporty.sk\/#organization\",\"name\":\"Netradi\u010dn\u00e9 \u0161porty\",\"url\":\"https:\/\/netradicnesporty.sk\/\",\"logo\":{\"@type\":\"ImageObject\",\"inLanguage\":\"sk-SK\",\"@id\":\"https:\/\/netradicnesporty.sk\/#\/schema\/logo\/image\/\",\"url\":\"https:\/\/netradicnesporty.sk\/wp-content\/uploads\/2020\/10\/Logo_velke-01.png\",\"contentUrl\":\"https:\/\/netradicnesporty.sk\/wp-content\/uploads\/2020\/10\/Logo_velke-01.png\",\"width\":191,\"height\":158,\"caption\":\"Netradi\u010dn\u00e9 \u0161porty\"},\"image\":{\"@id\":\"https:\/\/netradicnesporty.sk\/#\/schema\/logo\/image\/\"},\"sameAs\":[\"https:\/\/www.facebook.com\/netradicnesporty.sk\"]}]}<\/script>\n<!-- \/ Yoast SEO plugin. -->","yoast_head_json":{"title":"Softtenis &#8212; Netradi\u010dn\u00e9 \u0161porty","robots":{"index":"index","follow":"follow","max-snippet":"max-snippet:-1","max-image-preview":"max-image-preview:large","max-video-preview":"max-video-preview:-1"},"canonical":"https:\/\/netradicnesporty.sk\/?page_id=457","og_locale":"sk_SK","og_type":"article","og_title":"Softtenis &#8212; Netradi\u010dn\u00e9 \u0161porty","og_description":"Softtenis Vyrobenie molitanovej lopti\u010dky podnietilo vznik novej hry &#8211; SOFTTENISU, ktor\u00fd mo\u017eno nazva\u0165 aj minitenis, preto\u017ee sa hr\u00e1 prakticky pod\u013ea tenisov\u00fdch pravidiel, iba\u017ee na men\u0161om ihrisku a cez ni\u017e\u0161iu sie\u0165. Je to ide\u00e1lny rekrea\u010dn\u00fd \u0161port s mnoh\u00fdmi prednos\u0165ami a to : Nie je n\u00e1ro\u010dn\u00fd\u00a0 na priestor, sta\u010d\u00ed ak\u00fdko\u013evek rovn\u00fd a tvrd\u00fd povrch.Je vhodn\u00fd pre v\u0161etk\u00fdch [&hellip;]","og_url":"https:\/\/netradicnesporty.sk\/?page_id=457","og_site_name":"Netradi\u010dn\u00e9 \u0161porty","article_publisher":"https:\/\/www.facebook.com\/netradicnesporty.sk","article_modified_time":"2020-12-13T19:06:02+00:00","twitter_card":"summary_large_image","twitter_misc":{"Predpokladan\u00fd \u010das \u010d\u00edtania":"4 min\u00faty"},"schema":{"@context":"https:\/\/schema.org","@graph":[{"@type":"WebPage","@id":"https:\/\/netradicnesporty.sk\/?page_id=457","url":"https:\/\/netradicnesporty.sk\/?page_id=457","name":"Softtenis &#8212; Netradi\u010dn\u00e9 \u0161porty","isPartOf":{"@id":"https:\/\/netradicnesporty.sk\/#website"},"datePublished":"2020-08-18T06:29:42+00:00","dateModified":"2020-12-13T19:06:02+00:00","breadcrumb":{"@id":"https:\/\/netradicnesporty.sk\/?page_id=457#breadcrumb"},"inLanguage":"sk-SK","potentialAction":[{"@type":"ReadAction","target":["https:\/\/netradicnesporty.sk\/?page_id=457"]}]},{"@type":"BreadcrumbList","@id":"https:\/\/netradicnesporty.sk\/?page_id=457#breadcrumb","itemListElement":[{"@type":"ListItem","position":1,"name":"Home","item":"https:\/\/netradicnesporty.sk\/"},{"@type":"ListItem","position":2,"name":"Softtenis"}]},{"@type":"WebSite","@id":"https:\/\/netradicnesporty.sk\/#website","url":"https:\/\/netradicnesporty.sk\/","name":"Netradi\u010dn\u00e9 \u0161porty","description":"","publisher":{"@id":"https:\/\/netradicnesporty.sk\/#organization"},"potentialAction":[{"@type":"SearchAction","target":{"@type":"EntryPoint","urlTemplate":"https:\/\/netradicnesporty.sk\/?s={search_term_string}"},"query-input":{"@type":"PropertyValueSpecification","valueRequired":true,"valueName":"search_term_string"}}],"inLanguage":"sk-SK"},{"@type":"Organization","@id":"https:\/\/netradicnesporty.sk\/#organization","name":"Netradi\u010dn\u00e9 \u0161porty","url":"https:\/\/netradicnesporty.sk\/","logo":{"@type":"ImageObject","inLanguage":"sk-SK","@id":"https:\/\/netradicnesporty.sk\/#\/schema\/logo\/image\/","url":"https:\/\/netradicnesporty.sk\/wp-content\/uploads\/2020\/10\/Logo_velke-01.png","contentUrl":"https:\/\/netradicnesporty.sk\/wp-content\/uploads\/2020\/10\/Logo_velke-01.png","width":191,"height":158,"caption":"Netradi\u010dn\u00e9 \u0161porty"},"image":{"@id":"https:\/\/netradicnesporty.sk\/#\/schema\/logo\/image\/"},"sameAs":["https:\/\/www.facebook.com\/netradicnesporty.sk"]}]}},"_links":{"self":[{"href":"https:\/\/netradicnesporty.sk\/index.php?rest_route=\/wp\/v2\/pages\/457","targetHints":{"allow":["GET"]}}],"collection":[{"href":"https:\/\/netradicnesporty.sk\/index.php?rest_route=\/wp\/v2\/pages"}],"about":[{"href":"https:\/\/netradicnesporty.sk\/index.php?rest_route=\/wp\/v2\/types\/page"}],"author":[{"embeddable":true,"href":"https:\/\/netradicnesporty.sk\/index.php?rest_route=\/wp\/v2\/users\/1"}],"replies":[{"embeddable":true,"href":"https:\/\/netradicnesporty.sk\/index.php?rest_route=%2Fwp%2Fv2%2Fcomments&post=457"}],"version-history":[{"count":6,"href":"https:\/\/netradicnesporty.sk\/index.php?rest_route=\/wp\/v2\/pages\/457\/revisions"}],"predecessor-version":[{"id":872,"href":"https:\/\/netradicnesporty.sk\/index.php?rest_route=\/wp\/v2\/pages\/457\/revisions\/872"}],"wp:attachment":[{"href":"https:\/\/netradicnesporty.sk\/index.php?rest_route=%2Fwp%2Fv2%2Fmedia&parent=457"}],"curies":[{"name":"wp","href":"https:\/\/api.w.org\/{rel}","templated":true}]}}